{"id":14136,"date":"2015-11-18T08:53:41","date_gmt":"2015-11-18T08:53:41","guid":{"rendered":"http:\/\/www.institutrocafort.com\/ca\/metodologia\/"},"modified":"2024-05-31T13:25:41","modified_gmt":"2024-05-31T13:25:41","slug":"metodologia","status":"publish","type":"page","link":"https:\/\/www.institutrocafort.com\/ca\/metodologia\/","title":{"rendered":"Metodologia"},"content":{"rendered":"<p>[vc_row is_container=&#8221;1&#8243; css=&#8221;.vc_custom_1455372627078{margin-top: -5px !important;padding-top: 0px !important;}&#8221;][vc_column css=&#8221;.vc_custom_1455187949043{margin-bottom: 0px !important;}&#8221;]<div id=\"ultimate-heading-512069e35cb5092d4\" class=\"uvc-heading ult-adjust-bottom-margin ultimate-heading-512069e35cb5092d4 uvc-5843 \" data-hspacer=\"no_spacer\"  data-halign=\"center\" style=\"text-align:center\"><div class=\"uvc-heading-spacer no_spacer\" style=\"top\"><\/div><div class=\"uvc-main-heading ult-responsive\"  data-ultimate-target='.uvc-heading.ultimate-heading-512069e35cb5092d4 h2'  data-responsive-json-new='{\"font-size\":\"desktop:26px;\",\"line-height\":\"desktop:45px;\"}' ><h2 style=\"font-family:'Raleway';font-weight:900;color:#333333;margin-bottom:20px;\">Formaci\u00f3 a la teva mida<\/h2><\/div><\/div>[vc_separator el_class=&#8221;lin-vc-separator&#8221;][vc_column_text]<\/p>\n<h4>A l\u2019Institut Rocafort adaptem la formaci\u00f3 a les teves necessitats perqu\u00e8 puguis aconseguir el teu objectiu en el menor temps possible amb professors titulats universitaris del m\u00e9s alt nivell. T&#8217;oferim totes les modalitats de preparaci\u00f3:<\/h4>\n<p>[\/vc_column_text][vc_empty_space height=&#8221;40px&#8221;][\/vc_column][\/vc_row][vc_row full_width=&#8221;stretch_row_content_no_spaces&#8221; el_class=&#8221;full-width&#8221;][vc_column][vc_single_image image=&#8221;13988&#8243; img_size=&#8221;full&#8221;][vc_empty_space height=&#8221;40px&#8221;][\/vc_column][\/vc_row][vc_row][vc_column]<div id=\"ultimate-heading-723769e35cb509330\" class=\"uvc-heading ult-adjust-bottom-margin ultimate-heading-723769e35cb509330 uvc-2161 \" data-hspacer=\"no_spacer\"  data-halign=\"center\" style=\"text-align:center\"><div class=\"uvc-heading-spacer no_spacer\" style=\"top\"><\/div><div class=\"uvc-main-heading ult-responsive\"  data-ultimate-target='.uvc-heading.ultimate-heading-723769e35cb509330 h2'  data-responsive-json-new='{\"font-size\":\"desktop:26px;\",\"line-height\":\"desktop:45px;\"}' ><h2 style=\"font-family:'Raleway';font-weight:900;color:#333333;margin-bottom:20px;\">Modalitats de Preparaci\u00f3<\/h2><\/div><\/div>[vc_separator el_class=&#8221;lin-vc-separator&#8221;][vc_row_inner][vc_column_inner width=&#8221;1\/3&#8243;]<div class=\"aio-icon-component   lin-top-icon-2 style_1\"><div id=\"Info-box-wrap-4707\" class=\"aio-icon-box top-icon\" style=\"\"  ><div class=\"aio-icon-top\"><div class=\"ult-just-icon-wrapper  \"><div class=\"align-icon\" style=\"text-align:center;\">\n<div class=\"aio-icon advanced \" data-animation=\"bounceInLeft\" data-animation-delay=\"03\" style=\"color:#ffffff;background:#ffffff;border-style:solid;border-color:#da291c;border-width:8px;width:180px;height:180px;line-height:180px;border-radius:180px;font-size:70px;display:inline-block;\">\n\t<i class=\"Defaults-home\"><\/i>\n<\/div><\/div><\/div><\/div><div class=\"aio-icon-header\" ><h3 class=\"aio-icon-title ult-responsive\"  data-ultimate-target='#Info-box-wrap-4707 .aio-icon-title'  data-responsive-json-new='{\"font-size\":\"\",\"line-height\":\"\"}'  style=\"\">PRESENCIAL<\/h3><\/div> <!-- header --><div class=\"aio-icon-description ult-responsive\"  data-ultimate-target='#Info-box-wrap-4707 .aio-icon-description'  data-responsive-json-new='{\"font-size\":\"\",\"line-height\":\"\"}'  style=\"\"><\/p>\n<p style=\"text-align: left;\">Amb <strong>classes presencials<\/strong>, en torns de mat\u00ed o tarda, per cobrir tots i cadascun dels temes corresponents al teu curs. Aquestes classes es complementen amb <strong>tutories presencials individuals<\/strong> per personalitzar la teva preparaci\u00f3.<\/p>\n<p><\/div> <!-- description --><\/div> <!-- aio-icon-box --><\/div> <!-- aio-icon-component -->[\/vc_column_inner][vc_column_inner width=&#8221;1\/3&#8243;]<div class=\"aio-icon-component   lin-top-icon-2 style_1\"><div id=\"Info-box-wrap-1778\" class=\"aio-icon-box top-icon\" style=\"\"  ><div class=\"aio-icon-top\"><div class=\"ult-just-icon-wrapper  \"><div class=\"align-icon\" style=\"text-align:center;\">\n<div class=\"aio-icon advanced \" data-animation=\"bounceInLeft\" data-animation-delay=\"03\" style=\"color:#ffffff;background:#ffffff;border-style:solid;border-color:#da291c;border-width:8px;width:180px;height:180px;line-height:180px;border-radius:180px;font-size:70px;display:inline-block;\">\n\t<i class=\"Defaults-headphones\"><\/i>\n<\/div><\/div><\/div><\/div><div class=\"aio-icon-header\" ><h3 class=\"aio-icon-title ult-responsive\"  data-ultimate-target='#Info-box-wrap-1778 .aio-icon-title'  data-responsive-json-new='{\"font-size\":\"\",\"line-height\":\"\"}'  style=\"\">SEMI-PRESENCIAL<\/h3><\/div> <!-- header --><div class=\"aio-icon-description ult-responsive\"  data-ultimate-target='#Info-box-wrap-1778 .aio-icon-description'  data-responsive-json-new='{\"font-size\":\"\",\"line-height\":\"\"}'  style=\"\"><\/p>\n<p style=\"text-align: left;\">Basat en les <strong>tutories presencials individuals<\/strong> i complementat amb el nostre <strong>Campus Virtual<\/strong>.<\/p>\n<p><\/div> <!-- description --><\/div> <!-- aio-icon-box --><\/div> <!-- aio-icon-component -->[\/vc_column_inner][vc_column_inner width=&#8221;1\/3&#8243;]<div class=\"aio-icon-component   lin-top-icon-2 style_1\"><div id=\"Info-box-wrap-1842\" class=\"aio-icon-box top-icon\" style=\"\"  ><div class=\"aio-icon-top\"><div class=\"ult-just-icon-wrapper  \"><div class=\"align-icon\" style=\"text-align:center;\">\n<div class=\"aio-icon advanced \" data-animation=\"bounceInLeft\" data-animation-delay=\"03\" style=\"color:#ffffff;background:#ffffff;border-style:solid;border-color:#da291c;border-width:8px;width:180px;height:180px;line-height:180px;border-radius:180px;font-size:70px;display:inline-block;\">\n\t<i class=\"Defaults-laptop\"><\/i>\n<\/div><\/div><\/div><\/div><div class=\"aio-icon-header\" ><h3 class=\"aio-icon-title ult-responsive\"  data-ultimate-target='#Info-box-wrap-1842 .aio-icon-title'  data-responsive-json-new='{\"font-size\":\"\",\"line-height\":\"\"}'  style=\"\">ONLINE<\/h3><\/div> <!-- header --><div class=\"aio-icon-description ult-responsive\"  data-ultimate-target='#Info-box-wrap-1842 .aio-icon-description'  data-responsive-json-new='{\"font-size\":\"\",\"line-height\":\"\"}'  style=\"\">Mitjan\u00e7ant el nostre <strong>Campus Virtual i videoconfer\u00e8ncies<\/strong>, posem a la teva disposici\u00f3 <strong>tamb\u00e9 el m\u00e9s complet sistema de preparaci\u00f3 online<\/strong> perqu\u00e8 no trobis a faltar les classes i la teva preparaci\u00f3 sigui del m\u00e9s alt nivell.<\/div> <!-- description --><\/div> <!-- aio-icon-box --><\/div> <!-- aio-icon-component -->[\/vc_column_inner][\/vc_row_inner][\/vc_column][\/vc_row][vc_row][vc_column][vc_empty_space height=&#8221;40px&#8221;][\/vc_column][\/vc_row][vc_row][vc_column]<div id=\"ultimate-heading-102369e35cb5095a8\" class=\"uvc-heading ult-adjust-bottom-margin ultimate-heading-102369e35cb5095a8 uvc-2727 \" data-hspacer=\"line_only\"  data-halign=\"center\" style=\"text-align:center\"><div class=\"uvc-main-heading ult-responsive\"  data-ultimate-target='.uvc-heading.ultimate-heading-102369e35cb5095a8 h2'  data-responsive-json-new='{\"font-size\":\"desktop:26px;\",\"line-height\":\"desktop:45px;\"}' ><h2 style=\"font-family:'Raleway';font-weight:900;color:#333333;margin-top:23px;margin-bottom:0px;\">Opinions dels nostres alumnes<\/h2><\/div><div class=\"uvc-heading-spacer line_only\" style=\"margin-top:20px;margin-bottom:0px;height:5px;\"><span class=\"uvc-headings-line\" style=\"border-style:solid;border-bottom-width:5px;border-color:#da291c;width:30px;\"><\/span><\/div><\/div>[vc_separator css=&#8221;.vc_custom_1451470242662{margin-top: -11px !important;margin-bottom: 0px !important;}&#8221;][vc_row_inner][vc_column_inner width=&#8221;1\/3&#8243;][vc_column_text]<div id=\"testimonial_rotator_wrap_\" class=\"testimonial_rotator_wrap with-prevnext \">\n\t<div id=\"testimonial_rotator_\" class=\"testimonial_rotator hreview-aggregate cycletwo-slideshow format-rotator template-default testimonial-rotator-single \" data-cycletwo-timeout=\"5000\" data-cycletwo-speed=\"1000\" data-cycletwo-pause-on-hover=\"true\"  data-cycletwo-swipe=\"true\" data-cycletwo-fx=\"\" data-cycletwo-auto-height=\"calc\"  data-cycletwo-next=\"#testimonial_rotator_wrap_ .testimonial_rotator_next\" data-cycletwo-prev=\"#testimonial_rotator_wrap_ .testimonial_rotator_prev\" data-cycletwo-slides=\"> div.slide\" data-cycletwo-log=\"false\" >\n<div class=\"testimonial_rotator testimonial_rotator_single template-default hreview itemreviewed item  cf-tr\">\n<div class=\"text testimonial_rotator_description\">\n<h2 class=\"testimonial_rotator_slide_title\">M Carrero<\/h2>\n<div class=\"testimonial_rotator_stars cf-tr\">\n\t<span class=\"testimonial_rotator_star testimonial_rotator_star_1\"><i class=\"fa fa-star\"><\/i><\/span>\t<span class=\"testimonial_rotator_star testimonial_rotator_star_2\"><i class=\"fa fa-star\"><\/i><\/span>\t<span class=\"testimonial_rotator_star testimonial_rotator_star_3\"><i class=\"fa fa-star\"><\/i><\/span>\t<span class=\"testimonial_rotator_star testimonial_rotator_star_4\"><i class=\"fa fa-star\"><\/i><\/span>\t<span class=\"testimonial_rotator_star testimonial_rotator_star_5\"><i class=\"fa fa-star\"><\/i><\/span><\/div>\n<div class=\"testimonial_rotator_quote\">\nHice una consulta para presentarme a unas oposiciones de bombero. Decid\u00ed esta academia para estudiar porque me di\u00f3 mucha confianza y no me equivoqu\u00e9!!!! Estoy encantada con el profesorado, la forma de ense\u00f1ar la materia y el amplio horario. Puedo compaginar mis estudios con mi trabajo cosa que valoro much\u00edsimo..100% recomendable<\/div>\n<div class=\"testimonial_rotator_author_info cf-tr\">\n<p><a href=\"https:\/\/www.google.com\/maps\/reviews\/@41.3762997,2.157068,17z\/data=!3m1!4b1!4m6!14m5!1m4!2m3!1sChZDSUhNMG9nS0VJQ0FnSUNsc3BydkhREAE!2m1!1s0x0:0x89e0b7922d4169f?hl=es&amp;entry=ttu\" target=\"_blank\" rel=\"noopener\">Veure ressenya a Google<\/a><\/p>\n<\/div>\n\t<\/div>\n\t<div class=\"testimonial_rotator_microdata\">\n\t<div class=\"rating\">5.0<\/div>\n\t<div class=\"dtreviewed\"> 2024-05-31T12:22:57+00:00<\/div>\t<div class=\"reviewer\"> \t<div class=\"fn\"> <p><a href=\"https:\/\/www.google.com\/maps\/reviews\/@41.3762997,2.157068,17z\/data=!3m1!4b1!4m6!14m5!1m4!2m3!1sChZDSUhNMG9nS0VJQ0FnSUNsc3BydkhREAE!2m1!1s0x0:0x89e0b7922d4169f?hl=es&amp;entry=ttu\" target=\"_blank\" rel=\"noopener\">Veure ressenya a Google<\/a><\/p>\n<\/div>\t<\/div>\t<div class=\"summary\"> <\/div>\t<div class=\"permalink\"> https:\/\/www.institutrocafort.com\/ca\/testimonials\/m-carrero\/<\/div>\t<\/div> <!-- .testimonial_rotator_microdata -->\n<\/div>\n<\/div><!-- #testimonial_rotator_ -->\n<\/div><!-- .testimonial_rotator_wrap -->\n\n[\/vc_column_text][\/vc_column_inner][vc_column_inner width=&#8221;1\/3&#8243;][vc_column_text]<div id=\"testimonial_rotator_wrap_\" class=\"testimonial_rotator_wrap with-prevnext \">\n\t<div id=\"testimonial_rotator_\" class=\"testimonial_rotator hreview-aggregate cycletwo-slideshow format-rotator template-default testimonial-rotator-single \" data-cycletwo-timeout=\"5000\" data-cycletwo-speed=\"1000\" data-cycletwo-pause-on-hover=\"true\"  data-cycletwo-swipe=\"true\" data-cycletwo-fx=\"\" data-cycletwo-auto-height=\"calc\"  data-cycletwo-next=\"#testimonial_rotator_wrap_ .testimonial_rotator_next\" data-cycletwo-prev=\"#testimonial_rotator_wrap_ .testimonial_rotator_prev\" data-cycletwo-slides=\"> div.slide\" data-cycletwo-log=\"false\" >\n<div class=\"testimonial_rotator testimonial_rotator_single template-default hreview itemreviewed item  cf-tr\">\n<div class=\"text testimonial_rotator_description\">\n<h2 class=\"testimonial_rotator_slide_title\">Sheila Tejer\u00eda<\/h2>\n<div class=\"testimonial_rotator_stars cf-tr\">\n\t<span class=\"testimonial_rotator_star testimonial_rotator_star_1\"><i class=\"fa fa-star\"><\/i><\/span>\t<span class=\"testimonial_rotator_star testimonial_rotator_star_2\"><i class=\"fa fa-star\"><\/i><\/span>\t<span class=\"testimonial_rotator_star testimonial_rotator_star_3\"><i class=\"fa fa-star\"><\/i><\/span>\t<span class=\"testimonial_rotator_star testimonial_rotator_star_4\"><i class=\"fa fa-star\"><\/i><\/span>\t<span class=\"testimonial_rotator_star testimonial_rotator_star_5\"><i class=\"fa fa-star\"><\/i><\/span><\/div>\n<div class=\"testimonial_rotator_quote\">\nTotalmente recomendable, todo el equipo de Institut Rocafort. Recepcionistas , administrativos\/as, en especial a los tutores y tutoras de los diferentes m\u00f3dulos, muy agradecida por la paciencia y por el \u00e1nimo que nos dan, en especial al final del curso. Gracias por el acompa\u00f1amiento a los largo de estos dos a\u00f1os. Nos demuestran que s\u00ed se pueden lograr los objetivos!<\/div>\n<div class=\"testimonial_rotator_author_info cf-tr\">\n<p><a href=\"https:\/\/www.google.com\/maps\/reviews\/@41.3762997,2.157068,17z\/data=!3m1!4b1!4m6!14m5!1m4!2m3!1sChZDSUhNMG9nS0VJQ0FnSURtNDV6UGJ3EAE!2m1!1s0x0:0x89e0b7922d4169f?hl=es&amp;entry=ttu\" target=\"_blank\" rel=\"noopener\">Veure ressenya a Google<\/a><\/p>\n<\/div>\n\t<\/div>\n\t<div class=\"testimonial_rotator_microdata\">\n\t<div class=\"rating\">5.0<\/div>\n\t<div class=\"dtreviewed\"> 2024-05-31T12:23:21+00:00<\/div>\t<div class=\"reviewer\"> \t<div class=\"fn\"> <p><a href=\"https:\/\/www.google.com\/maps\/reviews\/@41.3762997,2.157068,17z\/data=!3m1!4b1!4m6!14m5!1m4!2m3!1sChZDSUhNMG9nS0VJQ0FnSURtNDV6UGJ3EAE!2m1!1s0x0:0x89e0b7922d4169f?hl=es&amp;entry=ttu\" target=\"_blank\" rel=\"noopener\">Veure ressenya a Google<\/a><\/p>\n<\/div>\t<\/div>\t<div class=\"summary\"> <\/div>\t<div class=\"permalink\"> https:\/\/www.institutrocafort.com\/ca\/testimonials\/sheila-tejeria\/<\/div>\t<\/div> <!-- .testimonial_rotator_microdata -->\n<\/div>\n<\/div><!-- #testimonial_rotator_ -->\n<\/div><!-- .testimonial_rotator_wrap -->\n\n[\/vc_column_text][\/vc_column_inner][vc_column_inner width=&#8221;1\/3&#8243;][vc_column_text]<div id=\"testimonial_rotator_wrap_\" class=\"testimonial_rotator_wrap with-prevnext \">\n\t<div id=\"testimonial_rotator_\" class=\"testimonial_rotator hreview-aggregate cycletwo-slideshow format-rotator template-default testimonial-rotator-single \" data-cycletwo-timeout=\"5000\" data-cycletwo-speed=\"1000\" data-cycletwo-pause-on-hover=\"true\"  data-cycletwo-swipe=\"true\" data-cycletwo-fx=\"\" data-cycletwo-auto-height=\"calc\"  data-cycletwo-next=\"#testimonial_rotator_wrap_ .testimonial_rotator_next\" data-cycletwo-prev=\"#testimonial_rotator_wrap_ .testimonial_rotator_prev\" data-cycletwo-slides=\"> div.slide\" data-cycletwo-log=\"false\" >\n<div class=\"testimonial_rotator testimonial_rotator_single template-default hreview itemreviewed item  cf-tr\">\n<div class=\"text testimonial_rotator_description\">\n<h2 class=\"testimonial_rotator_slide_title\">Laura Robles Campos<\/h2>\n<div class=\"testimonial_rotator_stars cf-tr\">\n\t<span class=\"testimonial_rotator_star testimonial_rotator_star_1\"><i class=\"fa fa-star\"><\/i><\/span>\t<span class=\"testimonial_rotator_star testimonial_rotator_star_2\"><i class=\"fa fa-star\"><\/i><\/span>\t<span class=\"testimonial_rotator_star testimonial_rotator_star_3\"><i class=\"fa fa-star\"><\/i><\/span>\t<span class=\"testimonial_rotator_star testimonial_rotator_star_4\"><i class=\"fa fa-star\"><\/i><\/span>\t<span class=\"testimonial_rotator_star testimonial_rotator_star_5\"><i class=\"fa fa-star\"><\/i><\/span><\/div>\n<div class=\"testimonial_rotator_quote\">\nMi experiencia ha sido fant\u00e1stica! Creo que ha sido la mejor decisi\u00f3n que he podido tomar para prepararme los ex\u00e1menes. Me he sentido muy acompa\u00f1ada por los profes en todo momento, tambi\u00e9n hay muchas facilidades si estudias y trabajas, ya que tienen dos horarios, uno de ma\u00f1ana y otro de tarde y te puedes conectar online si vives lejos o te va mejor estudiar desde casa. \u263a\ufe0f Sin duda se lo recomendar\u00eda a todo el mundo !!<\/div>\n<div class=\"testimonial_rotator_author_info cf-tr\">\n<p>V<a href=\"https:\/\/www.google.com\/maps\/reviews\/@41.3762997,2.1544931,17z\/data=!3m1!4b1!4m6!14m5!1m4!2m3!1sChdDSUhNMG9nS0VJQ0FnSURqZy1MeHh3RRAB!2m1!1s0x0:0x89e0b7922d4169f?hl=es&amp;entry=ttu\" target=\"_blank\" rel=\"noopener\">eure ressenya a Google<\/a><\/p>\n<\/div>\n\t<\/div>\n\t<div class=\"testimonial_rotator_microdata\">\n\t<div class=\"rating\">5.0<\/div>\n\t<div class=\"dtreviewed\"> 2024-05-31T12:23:44+00:00<\/div>\t<div class=\"reviewer\"> \t<div class=\"fn\"> <p>V<a href=\"https:\/\/www.google.com\/maps\/reviews\/@41.3762997,2.1544931,17z\/data=!3m1!4b1!4m6!14m5!1m4!2m3!1sChdDSUhNMG9nS0VJQ0FnSURqZy1MeHh3RRAB!2m1!1s0x0:0x89e0b7922d4169f?hl=es&amp;entry=ttu\" target=\"_blank\" rel=\"noopener\">eure ressenya a Google<\/a><\/p>\n<\/div>\t<\/div>\t<div class=\"summary\"> <\/div>\t<div class=\"permalink\"> https:\/\/www.institutrocafort.com\/ca\/testimonials\/laura-robles-campos\/<\/div>\t<\/div> <!-- .testimonial_rotator_microdata -->\n<\/div>\n<\/div><!-- #testimonial_rotator_ -->\n<\/div><!-- .testimonial_rotator_wrap -->\n\n[\/vc_column_text][\/vc_column_inner][\/vc_row_inner][vc_raw_html]JTNDc3R5bGUlM0UlMEEudGVzdGltb25pYWxfcm90YXRvcl93cmFwLndpdGgtcHJldm5leHQlMjAlN0IlMjBwYWRkaW5nJTNBJTIwMHB4JTNCJTIwJTdEJTBBJTNDJTJGc3R5bGUlM0U=[\/vc_raw_html][\/vc_column][\/vc_row]<\/p>\n","protected":false},"excerpt":{"rendered":"<p>[vc_row is_container=&#8221;1&#8243; css=&#8221;.vc_custom_1455372627078{margin-top: -5px !important;padding-top: 0px !important;}&#8221;][vc_column css=&#8221;.vc_custom_1455187949043{margin-bottom: 0px !important;}&#8221;][vc_separator el_class=&#8221;lin-vc-separator&#8221;][vc_column_text] A l\u2019Institut Rocafort adaptem la formaci\u00f3 a les teves necessitats perqu\u00e8 puguis aconseguir el teu objectiu en el menor temps possible amb professors titulats universitaris del m\u00e9s alt nivell.&nbsp;<a href=\"https:\/\/www.institutrocafort.com\/ca\/testimonials\/laura-robles-campos\/\">[&hellip;]<\/a><\/p>\n","protected":false},"author":1,"featured_media":0,"parent":0,"menu_order":2,"comment_status":"closed","ping_status":"closed","template":"template-fullwidth.php","meta":{"footnotes":""},"acf":[],"aioseo_notices":[],"_links":{"self":[{"href":"https:\/\/www.institutrocafort.com\/ca\/wp-json\/wp\/v2\/pages\/14136"}],"collection":[{"href":"https:\/\/www.institutrocafort.com\/ca\/wp-json\/wp\/v2\/pages"}],"about":[{"href":"https:\/\/www.institutrocafort.com\/ca\/wp-json\/wp\/v2\/types\/page"}],"author":[{"embeddable":true,"href":"https:\/\/www.institutrocafort.com\/ca\/wp-json\/wp\/v2\/users\/1"}],"replies":[{"embeddable":true,"href":"https:\/\/www.institutrocafort.com\/ca\/wp-json\/wp\/v2\/comments?post=14136"}],"version-history":[{"count":7,"href":"https:\/\/www.institutrocafort.com\/ca\/wp-json\/wp\/v2\/pages\/14136\/revisions"}],"predecessor-version":[{"id":20180,"href":"https:\/\/www.institutrocafort.com\/ca\/wp-json\/wp\/v2\/pages\/14136\/revisions\/20180"}],"wp:attachment":[{"href":"https:\/\/www.institutrocafort.com\/ca\/wp-json\/wp\/v2\/media?parent=14136"}],"curies":[{"name":"wp","href":"https:\/\/api.w.org\/{rel}","templated":true}]}}