{"id":14135,"date":"2016-06-09T11:12:32","date_gmt":"2016-06-09T11:12:32","guid":{"rendered":"http:\/\/www.institutrocafort.com\/ca\/mapa-de-sitio\/"},"modified":"2016-07-13T14:57:56","modified_gmt":"2016-07-13T14:57:56","slug":"mapa-del-lloc","status":"publish","type":"page","link":"https:\/\/www.institutrocafort.com\/ca\/mapa-del-lloc\/","title":{"rendered":"Mapa del lloc"},"content":{"rendered":"<p>[vc_row][vc_column width=&#8221;1\/3&#8243;][vc_column_text]<div class=\"wsp-container\"><h2 class=\"wsp-pages-title\">P\u00e0gines<\/h2>\n<ul class=\"wsp-pages-list\">\n<li class=\"page_item page-item-14134\"><a href=\"https:\/\/www.institutrocafort.com\/ca\/\">Inici<\/a><\/li>\n<li class=\"page_item page-item-14132\"><a href=\"https:\/\/www.institutrocafort.com\/ca\/centre\/\">Centre<\/a><\/li>\n<li class=\"page_item page-item-14136\"><a href=\"https:\/\/www.institutrocafort.com\/ca\/metodologia\/\">Metodologia<\/a><\/li>\n<li class=\"page_item page-item-14133\"><a href=\"https:\/\/www.institutrocafort.com\/ca\/cursos\/\">Cursos<\/a><\/li>\n<li class=\"page_item page-item-14131 current_page_parent\"><a href=\"https:\/\/www.institutrocafort.com\/ca\/blog\/\">Blog<\/a><\/li>\n<li class=\"page_item page-item-14124\"><a href=\"https:\/\/www.institutrocafort.com\/ca\/contacte\/\">Contacte<\/a><\/li>\n<li class=\"page_item page-item-15142\"><a href=\"https:\/\/www.institutrocafort.com\/ca\/avis-legal\">Av\u00eds Legal<\/a><\/li>\n<li class=\"page_item page-item-14615\"><a href=\"https:\/\/www.institutrocafort.com\/ca\/ca\/politica-de-cookies\/\">Pol\u00edtica de Cookies<\/a><\/li>\n<li class=\"page_item page-item-14137\"><a href=\"https:\/\/www.institutrocafort.com\/ca\/politica-de-privacitat-web\/\">Pol\u00edtica de Privacitat<\/a><\/li>\n<li class=\"page_item page-item-14620\"><a href=\"https:\/\/www.institutrocafort.com\/ca\/politica-de-xarxes-socials\">Pol\u00edtica de Xarxes Socials<\/a><\/li>\n<li class=\"page_item page-item-14135\"><a href=\"https:\/\/www.institutrocafort.com\/ca\/mapa-del-lloc\/\">Mapa del lloc<\/a><\/li>\n<\/ul>\n<\/div>[\/vc_column_text][\/vc_column][vc_column width=&#8221;1\/3&#8243;][vc_column_text]<div class=\"wsp-container\"><h2 class=\"wsp-courses-title\">Courses<\/h2>\n<ul class=\"wsp-courses-list\">\n<li><a href=\"https:\/\/www.institutrocafort.com\/ca\/curso\/oposicions-a-controlador-aeri\/\">OPOSICIONS A CONTROLADOR AERI<\/a><\/li>\n<li><a href=\"https:\/\/www.institutrocafort.com\/ca\/curs\/oposicions-a-correos-convocatoria-2022\/\">OPOSICIONS A CORREOS Convocat\u00f2ria 2023<\/a><\/li>\n<li><a href=\"https:\/\/www.institutrocafort.com\/ca\/curs\/oposicio-a-bomber-de-la-generalitat-de-catalunya\/\">Oposici\u00f3 a Bomber de la Generalitat de Catalunya 2025<\/a><\/li>\n<li><a href=\"https:\/\/www.institutrocafort.com\/ca\/curs\/tecnic-en-perruqueria-canina\/\">T\u00e8cnic en perruqueria canina<\/a><\/li>\n<li><a href=\"https:\/\/www.institutrocafort.com\/ca\/curs\/educacio-i-ensinistrament-cani\/\">Educaci\u00f3 i ensinistrament can\u00ed<\/a><\/li>\n<li><a href=\"https:\/\/www.institutrocafort.com\/ca\/curs\/assistent-tecnic-veterinari\/\">Assistent t\u00e8cnic veterinari<\/a><\/li>\n<li><a href=\"https:\/\/www.institutrocafort.com\/ca\/curs\/oposicio-a-agents-rurals\/\">Oposici\u00f3 a Agents Rurals<\/a><\/li>\n<li><a href=\"https:\/\/www.institutrocafort.com\/ca\/curs\/oposicio-a-bomber-de-lajuntament-de-barcelona\/\">Oposici\u00f3 a Bomber de l'Ajuntament de Barcelona convocat\u00f2ria 2025<\/a><\/li>\n<li><a href=\"https:\/\/www.institutrocafort.com\/ca\/curs\/oposicio-a-mosso-desquadra\/\">Oposici\u00f3 a Mossos d'Esquadra<\/a><\/li>\n<li><a href=\"https:\/\/www.institutrocafort.com\/ca\/curs\/oposicio-a-guardia-urbana\/\">Oposici\u00f3 a Gu\u00e0rdia Urbana<\/a><\/li>\n<li><a href=\"https:\/\/www.institutrocafort.com\/ca\/curs\/oposicio-a-policia-local\/\">Oposici\u00f3 a Policia Local<\/a><\/li>\n<li><a href=\"https:\/\/www.institutrocafort.com\/ca\/curs\/oposicio-a-policia-nacional\/\">Oposici\u00f3 a Polic\u00eda Nacional<\/a><\/li>\n<li><a href=\"https:\/\/www.institutrocafort.com\/ca\/curs\/oposicio-a-guardia-civil\/\">Oposici\u00f3 a gu\u00e0rdia civil<\/a><\/li>\n<li><a href=\"https:\/\/www.institutrocafort.com\/ca\/curs\/oposicio-de-cos-dauxili-judicial\/\">Oposici\u00f3 de Cos d'Auxili Judicial<\/a><\/li>\n<li><a href=\"https:\/\/www.institutrocafort.com\/ca\/curs\/administratius-de-corporacions-locals\/\">Administratius de Corporacions Locals<\/a><\/li>\n<li><a href=\"https:\/\/www.institutrocafort.com\/ca\/curs\/auxiliar-administratiu-de-corporacions-locals\/\">Auxiliar Administratiu de Corporacions Locals<\/a><\/li>\n<li><a href=\"https:\/\/www.institutrocafort.com\/ca\/curs\/auxiliar-administratiu-de-la-diputacio-de-barcelona\/\">Auxiliar Administratiu de la Diputaci\u00f3 de Barcelona<\/a><\/li>\n<li><a href=\"https:\/\/www.institutrocafort.com\/ca\/curs\/auxiliar-administrativu-de-lajuntament-de-barcelona\/\">Auxiliar Administratiu de l'Ajuntament de Barcelona<\/a><\/li>\n<li><a href=\"https:\/\/www.institutrocafort.com\/ca\/curs\/subinspectors-laborals\/\">Subinspectores Laborales (Oposiciones Grupo A2 - Empleo y Seguridad Social).<\/a><\/li>\n<li><a href=\"https:\/\/www.institutrocafort.com\/ca\/curs\/tecnic-hisenda\/\">T\u00e8cnic d'Hisenda<\/a><\/li>\n<li><a href=\"https:\/\/www.institutrocafort.com\/ca\/curs\/auxiliar-administratiu-del-estat\/\">Auxiliar Administratiu del Estat<\/a><\/li>\n<li><a href=\"https:\/\/www.institutrocafort.com\/ca\/curso\/programacio-amb-python-des-de-0-bootcamp-barcelona\">Programaci\u00f3 amb PYTHON des de 0 BootCamp Barcelona<\/a><\/li>\n<li><a href=\"https:\/\/www.institutrocafort.com\/ca\/curso\/tecnic-superior-en-dietetica-i-nutricio\">T\u00c8CNIC SUPERIOR EN DIET\u00c8TICA I NUTRICI\u00d3<\/a><\/li>\n<li><a href=\"https:\/\/www.institutrocafort.com\/ca\/curs\/tecnic-en-cures-auxiliars-d-infermeria\/\">T\u00c8CNIC EN CURES AUXILIARS D'INFERMERIA<\/a><\/li>\n<li><a href=\"https:\/\/www.institutrocafort.com\/ca\/curs\/tecnic-atencio-a-persones-en-situacio-de-dependencia\/\">T\u00c8CNIC EN ATENCI\u00d3 A PERSONES EN SITUACI\u00d3 DE DEPEND\u00c8NCIA<\/a><\/li>\n<li><a href=\"https:\/\/www.institutrocafort.com\/ca\/curs\/curs-perit-judicial-immobiliari\/\">CURS PERIT JUDICIAL IMMOBILIARI<\/a><\/li>\n<li><a href=\"https:\/\/www.institutrocafort.com\/ca\/curs\/tecnic-en-emergencies-sanitaries\/\">T\u00c8CNIC EN EMERGENCIES SANITARIES<\/a><\/li>\n<li><a href=\"https:\/\/www.institutrocafort.com\/ca\/curs\/tecnic-en-farmacia\/\">T\u00c8CNIC EN FARMACIA<\/a><\/li>\n<li><a href=\"https:\/\/www.institutrocafort.com\/ca\/curs\/tecnic-superior-en-educacio-infantil\/\">T\u00c9CNIC SUPERIOR EN EDUCACI\u00d3 INFANTIL<\/a><\/li>\n<li><a href=\"https:\/\/www.institutrocafort.com\/ca\/curs\/tecnic-superior-en-integracio-social\/\">T\u00c8CNIC SUPERIOR EN INTEGRACI\u00d3 SOCIAL<\/a><\/li>\n<li><a href=\"https:\/\/www.institutrocafort.com\/ca\/curs\/grau-de-criminologia-titol-universitari\/\">GRAU DE CRIMINOLOG\u00cdA T\u00cdTOL UNIVERSITARI<\/a><\/li>\n<li><a href=\"https:\/\/www.institutrocafort.com\/ca\/curs\/titol-universitari-en-detectiu-privat\/\">T\u00cdTOL UNIVERSITARI EN DETECTIU PRIVAT<\/a><\/li>\n<li><a href=\"https:\/\/www.institutrocafort.com\/ca\/curs\/curs-superior-de-director-de-seguretat\/\">CURS SUPERIOR DE DIRECTOR DE SEGURETAT PRIVADA<\/a><\/li>\n<li><a href=\"https:\/\/www.institutrocafort.com\/ca\/curs\/ciberseguetat\/\">Certificat professional hacking \u00c9tic CPHE<\/a><\/li>\n<li><a href=\"https:\/\/www.institutrocafort.com\/ca\/curs\/seminari-de-captacio-immobiliaria\/\">SEMINARI DE CAPTACI\u00d3 IMMOBILIARIA<\/a><\/li>\n<li><a href=\"https:\/\/www.institutrocafort.com\/ca\/curs\/post-grau-en-gestio-de-empreses-immobiliarias\/\">POSTGRAU EN GESTI\u00d3 D'EMPRESES IMMOBILIARIES<\/a><\/li>\n<li><a href=\"https:\/\/www.institutrocafort.com\/ca\/curs\/programacio-i-desenvolupament-web\/\">PROGRAMACI\u00d3 I DESENVOLUPAMENT WEB - BOOTCAMP BARCELONA<\/a><\/li>\n<li><a href=\"https:\/\/www.institutrocafort.com\/ca\/ca\/curso\/com-crear-una-agencia-immobiliaria-amb-exit\/\">COM CREAR UNA AG\u00c8NCIA IMMOBILIARIA AMB \u00c8XIT<\/a><\/li>\n<li><a href=\"https:\/\/www.institutrocafort.com\/ca\/curs\/curs-dagent-immobiliari-de-catalunya-aicat\/\">Curs d'agent immobiliari de Catalunya (AICAT)<\/a><\/li>\n<li><a href=\"https:\/\/www.institutrocafort.com\/ca\/curs\/espanyol-per-a-estrangers\/\">Espanyol per a estrangers<\/a><\/li>\n<li><a href=\"https:\/\/www.institutrocafort.com\/ca\/curs\/curs-graduat-en-eso\/\">Curs Graduat en ESO<\/a><\/li>\n<li><a href=\"https:\/\/www.institutrocafort.com\/ca\/curs\/prova-dacces-a-grau-mitja-cfgm\/\">Prova d'acc\u00e9s a grau mitj\u00e0 (CFGM)<\/a><\/li>\n<li><a href=\"https:\/\/www.institutrocafort.com\/ca\/curs\/prova-dacces-a-grau-superior-cfgs\/\">Prova d'acc\u00e9s a grau superior (CFGS)<\/a><\/li>\n<li><a href=\"https:\/\/www.institutrocafort.com\/ca\/curs\/curs-dacces-a-la-universitat-per-majors-de-25-anys\/\">Curs d'Acc\u00e9s a la Universitat per a majors de 25 anys<\/a><\/li>\n<li><a href=\"https:\/\/www.institutrocafort.com\/ca\/curs\/curs-dacces-a-la-universitat-per-a-majors-de-45-anys\/\">Curs d'Acc\u00e9s a la Universitat per a majors de 45 anys<\/a><\/li>\n<li><a href=\"https:\/\/www.institutrocafort.com\/ca\/curso\/curs-de-selectivitat-a-barcelona-loe\/\">Curs de selectivitat PAU 2025<\/a><\/li>\n<\/ul>\n<\/div>[\/vc_column_text][\/vc_column][vc_column width=&#8221;1\/3&#8243;][vc_column_text]<strong><div class=\"wsp-container\"><h2 class=\"wsp-posts-title\">Entrades per categoria<\/h2>\n<ul class=\"wsp-posts-list\">\n\t<li><strong class=\"wsp-category-title\">Categoria:<a href=\"https:\/\/www.institutrocafort.com\/ca\/category\/destacades\/\">Destacades<\/a><\/strong>\n<ul class=\"wsp-posts-list\">\t\t<li class=\"wsp-post\"><a href=\"https:\/\/www.institutrocafort.com\/ca\/aprovada-loferta-publica-docupacio-per-a-2026-1604-noves-places-per-a-mossos-desquadra\/\">Aprovada l\u2019Oferta P\u00fablica d\u2019Ocupaci\u00f3 per a 2026: 1604 noves places per a Mossos d\u2019Esquadra<\/a><\/li>\n\t\t<li class=\"wsp-post\"><a href=\"https:\/\/www.institutrocafort.com\/ca\/20212\/\">Com ser Gu\u00e0rdia Urbana de Barcelona el 2025<\/a><\/li>\n\t\t<li class=\"wsp-post\"><a href=\"https:\/\/www.institutrocafort.com\/ca\/com-funcionen-les-oposicions-abombers-de-barcelona\/\">Com funcionen les oposicions a Bombers de Barcelona<\/a><\/li>\n\t\t<li class=\"wsp-post\"><a href=\"https:\/\/www.institutrocafort.com\/ca\/20206\/\">Prepara\u2019t per ser Bomber\/a de la Generalitat de Catalunya el 2025!<\/a><\/li>\n\t\t<li class=\"wsp-post\"><a href=\"https:\/\/www.institutrocafort.com\/ca\/el-govern-destinara-1600-milions-deuros-als-mossos-fins-a-2023\/\">El Govern destinar\u00e0 1600 milions d&#8217;euros als Mossos fins a 2030<\/a><\/li>\n\t\t<li class=\"wsp-post\"><a href=\"https:\/\/www.institutrocafort.com\/ca\/el-nivell-destudis-requerit-per-a-opositar-a-les-policies-locals-i-urbanes-passa-a-batxillerat\/\">EL NIVELL D&#8217;ESTUDIS REQUERIT PER A OPOSITAR A LES POLICIES LOCALS I URBANES PASSA A BATXILLERAT<\/a><\/li>\n\t\t<li class=\"wsp-post\"><a href=\"https:\/\/www.institutrocafort.com\/ca\/com-son-les-proves-fisiques-de-les-oposicions-a-bombers-de-la-generalitat-de-catalunya\/\">COM FUNCIONEN LES PROVES F\u00cdSIQUES DE LES OPOSICIONS A BOMBERS DE LA GENERALITAT DE CATALUNYA I DE L&#8217;AJUNTAMENT DE BARCELONA<\/a><\/li>\n\t\t<li class=\"wsp-post\"><a href=\"https:\/\/www.institutrocafort.com\/ca\/19678\/\">COM SON LES PROVES F\u00cdSIQUES DE LES OPOSICIONS A MOSSOS D\u2019ESQUADRA<\/a><\/li>\n\t\t<li class=\"wsp-post\"><a href=\"https:\/\/www.institutrocafort.com\/ca\/como-son-las-pruebas-fisicas-guardia-urbana-policia-local\/\">COM SON LES PROVES F\u00cdSIQUES DE LES OPOSICIONS A GU\u00c0RDIA URBANA \/ POLICIA LOCAL<\/a><\/li>\n\t\t<li class=\"wsp-post\"><a href=\"https:\/\/www.institutrocafort.com\/ca\/com-matricular-se-per-a-la-selectivitat-a-catalunya\">Com matricular-se per a la Selectivitat a Catalunya<\/a><\/li>\n\t\t<li class=\"wsp-post\"><a href=\"https:\/\/www.institutrocafort.com\/ca\/el-preu-de-lhabitatge-puja-a-tota-espanya-a-2016-i-es-dispara-a-catalunya-i-madrid\/\">El preu de l&#8217;habitatge puja a tota espanya a 2016 i es dispara a catalunya i madrid<\/a><\/li>\n\t\t<li class=\"wsp-post\"><a href=\"https:\/\/www.institutrocafort.com\/ca\/les-6-claus-per-tenir-exit-a-la-teva-oposicio\/\">Les 6 claus per tenir \u00e8xit a la teva oposici\u00f3<\/a><\/li>\n\t\t<li class=\"wsp-post\"><a href=\"https:\/\/www.institutrocafort.com\/ca\/crece-el-interes-para-trabajar-en-el-sector-inmobiliario-tv3-en-institut-rocafort\/\">TV3 en INSTITUT ROCAFORT &#8211;  Crece el inter\u00e9s para trabajar en el sector inmobiliari<\/a><\/li>\n\t\t<li class=\"wsp-post\"><a href=\"https:\/\/www.institutrocafort.com\/ca\/la-revalida-sera-lhereva-de-la-selectivitat-i-el-format-sera-molt-similar\/\">La rev\u00e0lida ser\u00e0 l&#8217;hereva de la selectivitat i el format ser\u00e0 molt similar<\/a><\/li>\n<\/ul><\/li>\n\t<li><strong class=\"wsp-category-title\">Categoria:<a href=\"https:\/\/www.institutrocafort.com\/ca\/category\/immobiliaria\/\">Immobiliaria<\/a><\/strong>\n<\/li>\n\t<li><strong class=\"wsp-category-title\">Categoria:<a href=\"https:\/\/www.institutrocafort.com\/ca\/category\/oposicions\/\">Oposicions<\/a><\/strong>\n<\/li>\n\t<li><strong class=\"wsp-category-title\">Categoria:<a href=\"https:\/\/www.institutrocafort.com\/ca\/category\/proves-daccces\/\">Proves d&#039;accc\u00e9s<\/a><\/strong>\n<\/li>\n<\/ul>\n<\/div><\/strong>[\/vc_column_text][\/vc_column][\/vc_row]<\/p>\n","protected":false},"excerpt":{"rendered":"<p>[vc_row][vc_column width=&#8221;1\/3&#8243;][vc_column_text][\/vc_column_text][\/vc_column][vc_column width=&#8221;1\/3&#8243;][vc_column_text][\/vc_column_text][\/vc_column][vc_column width=&#8221;1\/3&#8243;][vc_column_text][\/vc_column_text][\/vc_column][\/vc_row]<\/p>\n","protected":false},"author":1,"featured_media":0,"parent":0,"menu_order":7,"comment_status":"closed","ping_status":"closed","template":"template-fullwidth.php","meta":{"footnotes":""},"acf":[],"aioseo_notices":[],"_links":{"self":[{"href":"https:\/\/www.institutrocafort.com\/ca\/wp-json\/wp\/v2\/pages\/14135"}],"collection":[{"href":"https:\/\/www.institutrocafort.com\/ca\/wp-json\/wp\/v2\/pages"}],"about":[{"href":"https:\/\/www.institutrocafort.com\/ca\/wp-json\/wp\/v2\/types\/page"}],"author":[{"embeddable":true,"href":"https:\/\/www.institutrocafort.com\/ca\/wp-json\/wp\/v2\/users\/1"}],"replies":[{"embeddable":true,"href":"https:\/\/www.institutrocafort.com\/ca\/wp-json\/wp\/v2\/comments?post=14135"}],"version-history":[{"count":3,"href":"https:\/\/www.institutrocafort.com\/ca\/wp-json\/wp\/v2\/pages\/14135\/revisions"}],"predecessor-version":[{"id":14299,"href":"https:\/\/www.institutrocafort.com\/ca\/wp-json\/wp\/v2\/pages\/14135\/revisions\/14299"}],"wp:attachment":[{"href":"https:\/\/www.institutrocafort.com\/ca\/wp-json\/wp\/v2\/media?parent=14135"}],"curies":[{"name":"wp","href":"https:\/\/api.w.org\/{rel}","templated":true}]}}